{"id":285,"date":"2021-12-16T10:17:45","date_gmt":"2021-12-16T10:17:45","guid":{"rendered":"https:\/\/mtntservices.com\/?page_id=285"},"modified":"2021-12-21T07:54:08","modified_gmt":"2021-12-21T07:54:08","slug":"specialties","status":"publish","type":"page","link":"https:\/\/mtntservices.com\/es\/specialties\/","title":{"rendered":"specialties"},"content":{"rendered":"\t\t<div data-elementor-type=\"wp-page\" data-elementor-id=\"285\" class=\"elementor elementor-285\">\n\t\t\t\t\t\t<section class=\"elementor-section elementor-top-section elementor-element elementor-element-100d650 elementor-section-full_width elementor-section-stretched elementor-section-height-default elementor-section-height-default\" data-id=\"100d650\" data-element_type=\"section\" data-settings=\"{&quot;stretch_section&quot;:&quot;section-stretched&quot;}\">\n\t\t\t\t\t\t<div class=\"elementor-container elementor-column-gap-no\">\n\t\t\t\t\t<div class=\"elementor-column elementor-col-100 elementor-top-column elementor-element elementor-element-6c53298\" data-id=\"6c53298\" data-element_type=\"column\">\n\t\t\t<div class=\"elementor-widget-wrap elementor-element-populated\">\n\t\t\t\t\t\t<div class=\"elementor-element elementor-element-1223bd4 elementor-widget elementor-widget-image\" data-id=\"1223bd4\" data-element_type=\"widget\" data-widget_type=\"image.default\">\n\t\t\t\t<div class=\"elementor-widget-container\">\n\t\t\t\t\t\t\t\t\t\t\t\t\t<img fetchpriority=\"high\" decoding=\"async\" width=\"1920\" height=\"700\" src=\"https:\/\/mtntservices.com\/wp-content\/uploads\/2021\/09\/mainbanner.jpg\" class=\"attachment-full size-full wp-image-115\" alt=\"\" srcset=\"https:\/\/mtntservices.com\/wp-content\/uploads\/2021\/09\/mainbanner.jpg 1920w, https:\/\/mtntservices.com\/wp-content\/uploads\/2021\/09\/mainbanner-300x109.jpg 300w, https:\/\/mtntservices.com\/wp-content\/uploads\/2021\/09\/mainbanner-1024x373.jpg 1024w, https:\/\/mtntservices.com\/wp-content\/uploads\/2021\/09\/mainbanner-768x280.jpg 768w, https:\/\/mtntservices.com\/wp-content\/uploads\/2021\/09\/mainbanner-1536x560.jpg 1536w, https:\/\/mtntservices.com\/wp-content\/uploads\/2021\/09\/mainbanner-1568x572.jpg 1568w\" sizes=\"(max-width: 1920px) 100vw, 1920px\" style=\"width:100%;height:36.46%;max-width:1920px\" \/>\t\t\t\t\t\t\t\t\t\t\t\t\t<\/div>\n\t\t\t\t<\/div>\n\t\t\t\t\t<\/div>\n\t\t<\/div>\n\t\t\t\t\t<\/div>\n\t\t<\/section>\n\t\t\t\t<section class=\"elementor-section elementor-top-section elementor-element elementor-element-e2828e6 elementor-section-boxed elementor-section-height-default elementor-section-height-default\" data-id=\"e2828e6\" data-element_type=\"section\">\n\t\t\t\t\t\t<div class=\"elementor-container elementor-column-gap-default\">\n\t\t\t\t\t<div class=\"elementor-column elementor-col-100 elementor-top-column elementor-element elementor-element-31125bb\" data-id=\"31125bb\" data-element_type=\"column\">\n\t\t\t<div class=\"elementor-widget-wrap elementor-element-populated\">\n\t\t\t\t\t\t<div class=\"elementor-element elementor-element-ba43e46 elementor-widget elementor-widget-heading\" data-id=\"ba43e46\" data-element_type=\"widget\" data-widget_type=\"heading.default\">\n\t\t\t\t<div class=\"elementor-widget-container\">\n\t\t\t<h3 class=\"elementor-heading-title elementor-size-default\">Featured<\/h3>\t\t<\/div>\n\t\t\t\t<\/div>\n\t\t\t\t\t<\/div>\n\t\t<\/div>\n\t\t\t\t\t<\/div>\n\t\t<\/section>\n\t\t\t\t<section class=\"elementor-section elementor-top-section elementor-element elementor-element-584b5ad elementor-section-boxed elementor-section-height-default elementor-section-height-default\" data-id=\"584b5ad\" data-element_type=\"section\">\n\t\t\t\t\t\t<div class=\"elementor-container elementor-column-gap-default\">\n\t\t\t\t\t<div class=\"elementor-column elementor-col-33 elementor-top-column elementor-element elementor-element-7ba92a8\" data-id=\"7ba92a8\" data-element_type=\"column\">\n\t\t\t<div class=\"elementor-widget-wrap elementor-element-populated\">\n\t\t\t\t\t\t<div class=\"elementor-element elementor-element-61c8d1c elementor-position-top elementor-widget elementor-widget-image-box\" data-id=\"61c8d1c\" data-element_type=\"widget\" data-widget_type=\"image-box.default\">\n\t\t\t\t<div class=\"elementor-widget-container\">\n\t\t\t<div class=\"elementor-image-box-wrapper\"><figure class=\"elementor-image-box-img\"><img decoding=\"async\" width=\"750\" height=\"500\" src=\"https:\/\/mtntservices.com\/wp-content\/uploads\/2021\/12\/tracto.jpeg\" class=\"attachment-full size-full wp-image-302\" alt=\"\" style=\"width:100%;height:66.67%;max-width:750px\" srcset=\"https:\/\/mtntservices.com\/wp-content\/uploads\/2021\/12\/tracto.jpeg 750w, https:\/\/mtntservices.com\/wp-content\/uploads\/2021\/12\/tracto-300x200.jpeg 300w\" sizes=\"(max-width: 750px) 100vw, 750px\" \/><\/figure><div class=\"elementor-image-box-content\"><h3 class=\"elementor-image-box-title\">Digestive<\/h3><p class=\"elementor-image-box-description\">Spain has hospitals and clinics made up of a multi-disciplinary team of specialists who are experts in the diagnosis and treatment of digestive tract diseases.<\/p><\/div><\/div>\t\t<\/div>\n\t\t\t\t<\/div>\n\t\t\t\t\t<\/div>\n\t\t<\/div>\n\t\t\t\t<div class=\"elementor-column elementor-col-33 elementor-top-column elementor-element elementor-element-920823e\" data-id=\"920823e\" data-element_type=\"column\">\n\t\t\t<div class=\"elementor-widget-wrap elementor-element-populated\">\n\t\t\t\t\t\t<div class=\"elementor-element elementor-element-c4d1b20 elementor-position-top elementor-widget elementor-widget-image-box\" data-id=\"c4d1b20\" data-element_type=\"widget\" data-widget_type=\"image-box.default\">\n\t\t\t\t<div class=\"elementor-widget-container\">\n\t\t\t<div class=\"elementor-image-box-wrapper\"><figure class=\"elementor-image-box-img\"><img decoding=\"async\" width=\"750\" height=\"500\" src=\"https:\/\/mtntservices.com\/wp-content\/uploads\/2021\/12\/asistida_banner.jpg\" class=\"attachment-full size-full wp-image-308\" alt=\"\" style=\"width:100%;height:66.67%;max-width:750px\" srcset=\"https:\/\/mtntservices.com\/wp-content\/uploads\/2021\/12\/asistida_banner.jpg 750w, https:\/\/mtntservices.com\/wp-content\/uploads\/2021\/12\/asistida_banner-300x200.jpg 300w\" sizes=\"(max-width: 750px) 100vw, 750px\" \/><\/figure><div class=\"elementor-image-box-content\"><h3 class=\"elementor-image-box-title\">Assisted reproduction<\/h3><p class=\"elementor-image-box-description\">A team of professionals with extensive experience in the field of assisted reproduction aims to provide the highest quality in the diagnosis and treatment of infertility..<\/p><\/div><\/div>\t\t<\/div>\n\t\t\t\t<\/div>\n\t\t\t\t\t<\/div>\n\t\t<\/div>\n\t\t\t\t<div class=\"elementor-column elementor-col-33 elementor-top-column elementor-element elementor-element-f20c292\" data-id=\"f20c292\" data-element_type=\"column\">\n\t\t\t<div class=\"elementor-widget-wrap elementor-element-populated\">\n\t\t\t\t\t\t<div class=\"elementor-element elementor-element-7901960 elementor-position-top elementor-widget elementor-widget-image-box\" data-id=\"7901960\" data-element_type=\"widget\" data-widget_type=\"image-box.default\">\n\t\t\t\t<div class=\"elementor-widget-container\">\n\t\t\t<div class=\"elementor-image-box-wrapper\"><figure class=\"elementor-image-box-img\"><img loading=\"lazy\" decoding=\"async\" width=\"750\" height=\"500\" src=\"https:\/\/mtntservices.com\/wp-content\/uploads\/2021\/12\/oftalmologia_banner.jpg\" class=\"attachment-full size-full wp-image-309\" alt=\"\" style=\"width:100%;height:66.67%;max-width:750px\" srcset=\"https:\/\/mtntservices.com\/wp-content\/uploads\/2021\/12\/oftalmologia_banner.jpg 750w, https:\/\/mtntservices.com\/wp-content\/uploads\/2021\/12\/oftalmologia_banner-300x200.jpg 300w\" sizes=\"(max-width: 750px) 100vw, 750px\" \/><\/figure><div class=\"elementor-image-box-content\"><h3 class=\"elementor-image-box-title\">Ophthalmology<\/h3><p class=\"elementor-image-box-description\">Spanish ophthalmology doctors have been highly recognized internationally for decades; so much so that many of the specialists in our country are great eminences in their specialties and are at the forefront of the latest advances in medicine.<\/p><\/div><\/div>\t\t<\/div>\n\t\t\t\t<\/div>\n\t\t\t\t\t<\/div>\n\t\t<\/div>\n\t\t\t\t\t<\/div>\n\t\t<\/section>\n\t\t\t\t<section class=\"elementor-section elementor-top-section elementor-element elementor-element-3209f39 elementor-section-boxed elementor-section-height-default elementor-section-height-default\" data-id=\"3209f39\" data-element_type=\"section\">\n\t\t\t\t\t\t<div class=\"elementor-container elementor-column-gap-default\">\n\t\t\t\t\t<div class=\"elementor-column elementor-col-33 elementor-top-column elementor-element elementor-element-2c2a173\" data-id=\"2c2a173\" data-element_type=\"column\">\n\t\t\t<div class=\"elementor-widget-wrap elementor-element-populated\">\n\t\t\t\t\t\t<div class=\"elementor-element elementor-element-87e0284 elementor-position-top elementor-widget elementor-widget-image-box\" data-id=\"87e0284\" data-element_type=\"widget\" data-widget_type=\"image-box.default\">\n\t\t\t\t<div class=\"elementor-widget-container\">\n\t\t\t<div class=\"elementor-image-box-wrapper\"><figure class=\"elementor-image-box-img\"><img loading=\"lazy\" decoding=\"async\" width=\"750\" height=\"500\" src=\"https:\/\/mtntservices.com\/wp-content\/uploads\/2021\/12\/cancer_banner.jpg\" class=\"attachment-full size-full wp-image-314\" alt=\"\" style=\"width:100%;height:66.67%;max-width:750px\" srcset=\"https:\/\/mtntservices.com\/wp-content\/uploads\/2021\/12\/cancer_banner.jpg 750w, https:\/\/mtntservices.com\/wp-content\/uploads\/2021\/12\/cancer_banner-300x200.jpg 300w\" sizes=\"(max-width: 750px) 100vw, 750px\" \/><\/figure><div class=\"elementor-image-box-content\"><h3 class=\"elementor-image-box-title\">Cancer<\/h3><p class=\"elementor-image-box-description\">Spain has the best hospitals and centers for the control and treatment of oncological tumors, whether they are centers designated for adults or those designated to treat childhood cancer.<\/p><\/div><\/div>\t\t<\/div>\n\t\t\t\t<\/div>\n\t\t\t\t\t<\/div>\n\t\t<\/div>\n\t\t\t\t<div class=\"elementor-column elementor-col-33 elementor-top-column elementor-element elementor-element-00fac46\" data-id=\"00fac46\" data-element_type=\"column\">\n\t\t\t<div class=\"elementor-widget-wrap elementor-element-populated\">\n\t\t\t\t\t\t<div class=\"elementor-element elementor-element-4e510ed elementor-position-top elementor-widget elementor-widget-image-box\" data-id=\"4e510ed\" data-element_type=\"widget\" data-widget_type=\"image-box.default\">\n\t\t\t\t<div class=\"elementor-widget-container\">\n\t\t\t<div class=\"elementor-image-box-wrapper\"><figure class=\"elementor-image-box-img\"><img loading=\"lazy\" decoding=\"async\" width=\"496\" height=\"331\" src=\"https:\/\/mtntservices.com\/wp-content\/uploads\/2021\/12\/organos.jpeg\" class=\"attachment-full size-full wp-image-319\" alt=\"\" style=\"width:100%;height:66.73%;max-width:496px\" srcset=\"https:\/\/mtntservices.com\/wp-content\/uploads\/2021\/12\/organos.jpeg 496w, https:\/\/mtntservices.com\/wp-content\/uploads\/2021\/12\/organos-300x200.jpeg 300w\" sizes=\"(max-width: 496px) 100vw, 496px\" \/><\/figure><div class=\"elementor-image-box-content\"><h3 class=\"elementor-image-box-title\">Organ Transplantion<\/h3><p class=\"elementor-image-box-description\">Spain has been a world leader in the field of organ transplantation for more than 25 years.<\/p><\/div><\/div>\t\t<\/div>\n\t\t\t\t<\/div>\n\t\t\t\t\t<\/div>\n\t\t<\/div>\n\t\t\t\t<div class=\"elementor-column elementor-col-33 elementor-top-column elementor-element elementor-element-7b5e6ff\" data-id=\"7b5e6ff\" data-element_type=\"column\">\n\t\t\t<div class=\"elementor-widget-wrap elementor-element-populated\">\n\t\t\t\t\t\t<div class=\"elementor-element elementor-element-bc4bf47 elementor-position-top elementor-widget elementor-widget-image-box\" data-id=\"bc4bf47\" data-element_type=\"widget\" data-widget_type=\"image-box.default\">\n\t\t\t\t<div class=\"elementor-widget-container\">\n\t\t\t<div class=\"elementor-image-box-wrapper\"><figure class=\"elementor-image-box-img\"><img loading=\"lazy\" decoding=\"async\" width=\"750\" height=\"500\" src=\"https:\/\/mtntservices.com\/wp-content\/uploads\/2021\/12\/cardiologia_banner.jpg\" class=\"attachment-full size-full wp-image-326\" alt=\"\" style=\"width:100%;height:66.67%;max-width:750px\" srcset=\"https:\/\/mtntservices.com\/wp-content\/uploads\/2021\/12\/cardiologia_banner.jpg 750w, https:\/\/mtntservices.com\/wp-content\/uploads\/2021\/12\/cardiologia_banner-300x200.jpg 300w\" sizes=\"(max-width: 750px) 100vw, 750px\" \/><\/figure><div class=\"elementor-image-box-content\"><h3 class=\"elementor-image-box-title\">Cardiology<\/h3><p class=\"elementor-image-box-description\">A dozen centers, most of them public, have international prestige in cardiology. There is a complete portfolio of services, including transplants and the most advanced techniques in arrhythmias, heart failure, etc.<\/p><\/div><\/div>\t\t<\/div>\n\t\t\t\t<\/div>\n\t\t\t\t\t<\/div>\n\t\t<\/div>\n\t\t\t\t\t<\/div>\n\t\t<\/section>\n\t\t\t\t<section class=\"elementor-section elementor-top-section elementor-element elementor-element-b79d30e elementor-section-boxed elementor-section-height-default elementor-section-height-default\" data-id=\"b79d30e\" data-element_type=\"section\">\n\t\t\t\t\t\t<div class=\"elementor-container elementor-column-gap-default\">\n\t\t\t\t\t<div class=\"elementor-column elementor-col-100 elementor-top-column elementor-element elementor-element-a8a49d9\" data-id=\"a8a49d9\" data-element_type=\"column\">\n\t\t\t<div class=\"elementor-widget-wrap elementor-element-populated\">\n\t\t\t\t\t\t<div class=\"elementor-element elementor-element-7beb563 elementor-widget elementor-widget-heading\" data-id=\"7beb563\" data-element_type=\"widget\" data-widget_type=\"heading.default\">\n\t\t\t\t<div class=\"elementor-widget-container\">\n\t\t\t<h3 class=\"elementor-heading-title elementor-size-default\">All<\/h3>\t\t<\/div>\n\t\t\t\t<\/div>\n\t\t\t\t<div class=\"elementor-element elementor-element-10e8304 elementor-widget elementor-widget-accordion\" data-id=\"10e8304\" data-element_type=\"widget\" data-widget_type=\"accordion.default\">\n\t\t\t\t<div class=\"elementor-widget-container\">\n\t\t\t\t\t<div class=\"elementor-accordion\">\n\t\t\t\t\t\t\t<div class=\"elementor-accordion-item\">\n\t\t\t\t\t<div id=\"elementor-tab-title-1771\" class=\"elementor-tab-title\" data-tab=\"1\" role=\"button\" aria-controls=\"elementor-tab-content-1771\" aria-expanded=\"false\">\n\t\t\t\t\t\t\t\t\t\t\t\t\t<span class=\"elementor-accordion-icon elementor-accordion-icon-left\" aria-hidden=\"true\">\n\t\t\t\t\t\t\t\t\t\t\t\t\t\t\t<span class=\"elementor-accordion-icon-closed\"><i class=\"fas fa-plus\"><\/i><\/span>\n\t\t\t\t\t\t\t\t<span class=\"elementor-accordion-icon-opened\"><i class=\"fas fa-minus\"><\/i><\/span>\n\t\t\t\t\t\t\t\t\t\t\t\t\t\t<\/span>\n\t\t\t\t\t\t\t\t\t\t\t\t<a class=\"elementor-accordion-title\" tabindex=\"0\">M\u00e9dicas<\/a>\n\t\t\t\t\t<\/div>\n\t\t\t\t\t<div id=\"elementor-tab-content-1771\" class=\"elementor-tab-content elementor-clearfix\" data-tab=\"1\" role=\"region\" aria-labelledby=\"elementor-tab-title-1771\"><p>Alergolog\u00eda<br \/>Anestesiolog\u00eda y reanimaci\u00f3n<br \/>Aparato digestivo<br \/>Cardiolog\u00eda<br \/>Endocrinolog\u00eda y nutrici\u00f3n<br \/>Geriatr\u00eda<br \/>Hematolog\u00eda y hemoterapia<br \/>Medicina de la educaci\u00f3n f\u00edsica y del deporte<br \/>Medicina espacial<br \/>Medicina intensiva<br \/>Medicina interna<br \/>Medicina legal y forense<br \/>Medicina preventiva y salud p\u00fablica<br \/>Medicina del trabajo<br \/>Nefrolog\u00eda<br \/>Neumolog\u00eda<br \/>Neurolog\u00eda<br \/>Neurofisiolog\u00eda Cl\u00ednica<br \/>Oncolog\u00eda m\u00e9dica<br \/>Oncolog\u00eda radioter\u00e1pica<br \/>Pediatr\u00eda<br \/>Psiquiatr\u00eda<br \/>Rehabilitaci\u00f3n<br \/>Reumatolog\u00eda<br \/>Medicina familiar y comunitaria<\/p><\/div>\n\t\t\t\t<\/div>\n\t\t\t\t\t\t\t<div class=\"elementor-accordion-item\">\n\t\t\t\t\t<div id=\"elementor-tab-title-1772\" class=\"elementor-tab-title\" data-tab=\"2\" role=\"button\" aria-controls=\"elementor-tab-content-1772\" aria-expanded=\"false\">\n\t\t\t\t\t\t\t\t\t\t\t\t\t<span class=\"elementor-accordion-icon elementor-accordion-icon-left\" aria-hidden=\"true\">\n\t\t\t\t\t\t\t\t\t\t\t\t\t\t\t<span class=\"elementor-accordion-icon-closed\"><i class=\"fas fa-plus\"><\/i><\/span>\n\t\t\t\t\t\t\t\t<span class=\"elementor-accordion-icon-opened\"><i class=\"fas fa-minus\"><\/i><\/span>\n\t\t\t\t\t\t\t\t\t\t\t\t\t\t<\/span>\n\t\t\t\t\t\t\t\t\t\t\t\t<a class=\"elementor-accordion-title\" tabindex=\"0\">Quir\u00fargicas <\/a>\n\t\t\t\t\t<\/div>\n\t\t\t\t\t<div id=\"elementor-tab-content-1772\" class=\"elementor-tab-content elementor-clearfix\" data-tab=\"2\" role=\"region\" aria-labelledby=\"elementor-tab-title-1772\"><p>Cirug\u00eda cardiovascular<br \/>Cirug\u00eda general y del aparato digestivo<br \/>Cirug\u00eda oral y maxilofacial<br \/>Cirug\u00eda ortop\u00e9dica y traumatolog\u00eda<br \/>Cirug\u00eda pedi\u00e1trica<br \/>Cirug\u00eda pl\u00e1stica, est\u00e9tica y reparadora<br \/>Cirug\u00eda tor\u00e1cica<br \/>Neurocirug\u00eda<\/p><\/div>\n\t\t\t\t<\/div>\n\t\t\t\t\t\t\t<div class=\"elementor-accordion-item\">\n\t\t\t\t\t<div id=\"elementor-tab-title-1773\" class=\"elementor-tab-title\" data-tab=\"3\" role=\"button\" aria-controls=\"elementor-tab-content-1773\" aria-expanded=\"false\">\n\t\t\t\t\t\t\t\t\t\t\t\t\t<span class=\"elementor-accordion-icon elementor-accordion-icon-left\" aria-hidden=\"true\">\n\t\t\t\t\t\t\t\t\t\t\t\t\t\t\t<span class=\"elementor-accordion-icon-closed\"><i class=\"fas fa-plus\"><\/i><\/span>\n\t\t\t\t\t\t\t\t<span class=\"elementor-accordion-icon-opened\"><i class=\"fas fa-minus\"><\/i><\/span>\n\t\t\t\t\t\t\t\t\t\t\t\t\t\t<\/span>\n\t\t\t\t\t\t\t\t\t\t\t\t<a class=\"elementor-accordion-title\" tabindex=\"0\">M\u00e9dico-Quir\u00fargicas<\/a>\n\t\t\t\t\t<\/div>\n\t\t\t\t\t<div id=\"elementor-tab-content-1773\" class=\"elementor-tab-content elementor-clearfix\" data-tab=\"3\" role=\"region\" aria-labelledby=\"elementor-tab-title-1773\"><p>Angiolog\u00eda y cirug\u00eda vascular<br \/>Dermatolog\u00eda m\u00e9dico-quir\u00fargica y venereolog\u00eda<br \/>Obstetricia y ginecolog\u00eda<br \/>Oftalmolog\u00eda<br \/>Otorrinolaringolog\u00eda<br \/>Urolog\u00eda<\/p><\/div>\n\t\t\t\t<\/div>\n\t\t\t\t\t\t\t<div class=\"elementor-accordion-item\">\n\t\t\t\t\t<div id=\"elementor-tab-title-1774\" class=\"elementor-tab-title\" data-tab=\"4\" role=\"button\" aria-controls=\"elementor-tab-content-1774\" aria-expanded=\"false\">\n\t\t\t\t\t\t\t\t\t\t\t\t\t<span class=\"elementor-accordion-icon elementor-accordion-icon-left\" aria-hidden=\"true\">\n\t\t\t\t\t\t\t\t\t\t\t\t\t\t\t<span class=\"elementor-accordion-icon-closed\"><i class=\"fas fa-plus\"><\/i><\/span>\n\t\t\t\t\t\t\t\t<span class=\"elementor-accordion-icon-opened\"><i class=\"fas fa-minus\"><\/i><\/span>\n\t\t\t\t\t\t\t\t\t\t\t\t\t\t<\/span>\n\t\t\t\t\t\t\t\t\t\t\t\t<a class=\"elementor-accordion-title\" tabindex=\"0\">Laboratorio <\/a>\n\t\t\t\t\t<\/div>\n\t\t\t\t\t<div id=\"elementor-tab-content-1774\" class=\"elementor-tab-content elementor-clearfix\" data-tab=\"4\" role=\"region\" aria-labelledby=\"elementor-tab-title-1774\"><p>An\u00e1lisis cl\u00ednicos<br \/>Anatom\u00eda patol\u00f3gica<br \/>Bioqu\u00edmica cl\u00ednica<br \/>Farmacolog\u00eda cl\u00ednica<br \/>Inmunolog\u00eda<br \/>Medicina nuclear<br \/>Microbiolog\u00eda y parasitolog\u00eda<br \/>Neurofisiolog\u00eda cl\u00ednica<br \/>Radiodiagn\u00f3stico<\/p><\/div>\n\t\t\t\t<\/div>\n\t\t\t\t\t\t\t\t<\/div>\n\t\t\t\t<\/div>\n\t\t\t\t<\/div>\n\t\t\t\t\t<\/div>\n\t\t<\/div>\n\t\t\t\t\t<\/div>\n\t\t<\/section>\n\t\t\t\t<\/div>\n\t\t","protected":false},"excerpt":{"rendered":"<p>Featured Digestive Spain has hospitals and clinics made up of a multi-disciplinary team of specialists who are experts in the diagnosis and treatment of digestive tract diseases. Assisted reproduction A team of professionals with extensive experience in the field of assisted reproduction aims to provide the highest quality in the diagnosis and treatment of infertility..&hellip; <a class=\"more-link\" href=\"https:\/\/mtntservices.com\/es\/specialties\/\">Seguir leyendo <span class=\"screen-reader-text\">specialties<\/span><\/a><\/p>\n","protected":false},"author":1,"featured_media":0,"parent":0,"menu_order":0,"comment_status":"closed","ping_status":"closed","template":"elementor_header_footer","meta":{"footnotes":""},"class_list":["post-285","page","type-page","status-publish","hentry","entry"],"translation":{"provider":"WPGlobus","version":"2.12.2","language":"es","enabled_languages":["en","fr","es","ar"],"languages":{"en":{"title":true,"content":true,"excerpt":false},"fr":{"title":false,"content":false,"excerpt":false},"es":{"title":false,"content":false,"excerpt":false},"ar":{"title":false,"content":false,"excerpt":false}}},"_links":{"self":[{"href":"https:\/\/mtntservices.com\/es\/wp-json\/wp\/v2\/pages\/285","targetHints":{"allow":["GET"]}}],"collection":[{"href":"https:\/\/mtntservices.com\/es\/wp-json\/wp\/v2\/pages"}],"about":[{"href":"https:\/\/mtntservices.com\/es\/wp-json\/wp\/v2\/types\/page"}],"author":[{"embeddable":true,"href":"https:\/\/mtntservices.com\/es\/wp-json\/wp\/v2\/users\/1"}],"replies":[{"embeddable":true,"href":"https:\/\/mtntservices.com\/es\/wp-json\/wp\/v2\/comments?post=285"}],"version-history":[{"count":32,"href":"https:\/\/mtntservices.com\/es\/wp-json\/wp\/v2\/pages\/285\/revisions"}],"predecessor-version":[{"id":329,"href":"https:\/\/mtntservices.com\/es\/wp-json\/wp\/v2\/pages\/285\/revisions\/329"}],"wp:attachment":[{"href":"https:\/\/mtntservices.com\/es\/wp-json\/wp\/v2\/media?parent=285"}],"curies":[{"name":"wp","href":"https:\/\/api.w.org\/{rel}","templated":true}]}}